{"id":21517,"date":"2026-03-25T15:03:53","date_gmt":"2026-03-25T14:03:53","guid":{"rendered":"https:\/\/autocaravanasotsoa.com\/?page_id=21517"},"modified":"2026-04-14T18:20:11","modified_gmt":"2026-04-14T16:20:11","slug":"tutorials","status":"publish","type":"page","link":"https:\/\/autocaravanasotsoa.com\/en\/tutoriales\/","title":{"rendered":"Guidelines for the use of motorhomes for rent in Vitoria | Autocaravanas Otsoa"},"content":{"rendered":"<div data-elementor-type=\"wp-page\" data-elementor-id=\"21517\" class=\"elementor elementor-21517\" data-elementor-post-type=\"page\">\n\t\t\t\t<div class=\"elementor-element elementor-element-a50c85c e-flex e-con-boxed e-con e-parent\" data-id=\"a50c85c\" data-element_type=\"container\" data-e-type=\"container\">\n\t\t\t\t\t<div class=\"e-con-inner\">\n\t\t<div class=\"elementor-element elementor-element-a94a608 e-con-full e-flex e-con e-child\" data-id=\"a94a608\" data-element_type=\"container\" data-e-type=\"container\" data-settings=\"{&quot;background_background&quot;:&quot;classic&quot;}\">\n\t\t\t\t<div class=\"elementor-element elementor-element-25cc939 elementor-widget elementor-widget-heading\" data-id=\"25cc939\" data-element_type=\"widget\" data-e-type=\"widget\" data-widget_type=\"heading.default\">\n\t\t\t\t<div class=\"elementor-widget-container\">\n\t\t\t\t\t<h1 class=\"elementor-heading-title elementor-size-default\">GUIDES FOR MOTORHOMES AND CAMPERVANS<\/h1>\t\t\t\t<\/div>\n\t\t\t\t<\/div>\n\t\t\t\t<\/div>\n\t\t\t\t<div class=\"elementor-element elementor-element-234da2b elementor-widget elementor-widget-heading\" data-id=\"234da2b\" data-element_type=\"widget\" data-e-type=\"widget\" data-widget_type=\"heading.default\">\n\t\t\t\t<div class=\"elementor-widget-container\">\n\t\t\t\t\t<h2 class=\"elementor-heading-title elementor-size-default\">On this page you will find all the user guides for our motorhomes for rent in Vitoria. <\/h2>\t\t\t\t<\/div>\n\t\t\t\t<\/div>\n\t\t\t\t<div class=\"elementor-element elementor-element-f6e9194 elementor-widget elementor-widget-image\" data-id=\"f6e9194\" data-element_type=\"widget\" data-e-type=\"widget\" data-widget_type=\"image.default\">\n\t\t\t\t<div class=\"elementor-widget-container\">\n\t\t\t\t\t\t\t\t\t\t\t\t\t\t\t<img fetchpriority=\"high\" decoding=\"async\" width=\"768\" height=\"512\" src=\"https:\/\/autocaravanasotsoa.com\/wp-content\/uploads\/2026\/04\/autocaravanas_otsoa_alquiler_vitoria_familia-768x512.png\" class=\"attachment-medium_large size-medium_large wp-image-22253\" alt=\"autocaravanas_otsoa_alquiler_vitoria_familias_familias\" srcset=\"https:\/\/autocaravanasotsoa.com\/wp-content\/uploads\/2026\/04\/autocaravanas_otsoa_alquiler_vitoria_familia-768x512.png 768w, https:\/\/autocaravanasotsoa.com\/wp-content\/uploads\/2026\/04\/autocaravanas_otsoa_alquiler_vitoria_familia-300x200.png 300w, https:\/\/autocaravanasotsoa.com\/wp-content\/uploads\/2026\/04\/autocaravanas_otsoa_alquiler_vitoria_familia-1024x683.png 1024w, https:\/\/autocaravanasotsoa.com\/wp-content\/uploads\/2026\/04\/autocaravanas_otsoa_alquiler_vitoria_familia-18x12.png 18w, https:\/\/autocaravanasotsoa.com\/wp-content\/uploads\/2026\/04\/autocaravanas_otsoa_alquiler_vitoria_familia-600x400.png 600w, https:\/\/autocaravanasotsoa.com\/wp-content\/uploads\/2026\/04\/autocaravanas_otsoa_alquiler_vitoria_familia.png 1536w\" sizes=\"(max-width: 768px) 100vw, 768px\" \/>\t\t\t\t\t\t\t\t\t\t\t\t\t\t\t<\/div>\n\t\t\t\t<\/div>\n\t\t\t\t<div class=\"elementor-element elementor-element-b584efb elementor-widget-divider--view-line elementor-widget elementor-widget-divider\" data-id=\"b584efb\" data-element_type=\"widget\" data-e-type=\"widget\" data-widget_type=\"divider.default\">\n\t\t\t\t<div class=\"elementor-widget-container\">\n\t\t\t\t\t\t\t<div class=\"elementor-divider\">\n\t\t\t<span class=\"elementor-divider-separator\">\n\t\t\t\t\t\t<\/span>\n\t\t<\/div>\n\t\t\t\t\t\t<\/div>\n\t\t\t\t<\/div>\n\t\t\t\t<div class=\"elementor-element elementor-element-521802f elementor-widget elementor-widget-heading\" data-id=\"521802f\" data-element_type=\"widget\" data-e-type=\"widget\" data-widget_type=\"heading.default\">\n\t\t\t\t<div class=\"elementor-widget-container\">\n\t\t\t\t\t<h2 class=\"elementor-heading-title elementor-size-default\">6-seater profiled motorhome (automatic)<\/h2>\t\t\t\t<\/div>\n\t\t\t\t<\/div>\n\t\t\t\t<div class=\"elementor-element elementor-element-b92cd06 elementor-widget elementor-widget-text-editor\" data-id=\"b92cd06\" data-element_type=\"widget\" data-e-type=\"widget\" data-widget_type=\"text-editor.default\">\n\t\t\t\t<div class=\"elementor-widget-container\">\n\t\t\t\t\t\t\t\t\t<p>Discover how the 7-metre automatic profiled motorhome works, a premium vehicle for hire in Vitoria with up to 6 seats.\u00a0<\/p><p><strong><a title=\"Giottiline siena 386f\" href=\"https:\/\/youtube.com\/shorts\/YmqkyP0ncrU?si=RFTBOJMpgd4fdtgj\" target=\"_blank\" rel=\"noopener\">Giottiline Siena 386f<\/a><\/strong><\/p>\t\t\t\t\t\t\t\t<\/div>\n\t\t\t\t<\/div>\n\t\t\t\t<div class=\"elementor-element elementor-element-b680b4c elementor-widget elementor-widget-image\" data-id=\"b680b4c\" data-element_type=\"widget\" data-e-type=\"widget\" data-widget_type=\"image.default\">\n\t\t\t\t<div class=\"elementor-widget-container\">\n\t\t\t\t\t\t\t\t\t\t\t\t\t\t\t<img decoding=\"async\" width=\"300\" height=\"225\" src=\"https:\/\/autocaravanasotsoa.com\/wp-content\/uploads\/2025\/10\/autocaravanas_otsoa_alquiler_vitoria_perfilada_6plazas-300x225.webp\" class=\"attachment-medium size-medium wp-image-21382\" alt=\"motorhomes rental vitoria motorhomes otsoa profiled 6-seater motorhomes\" srcset=\"https:\/\/autocaravanasotsoa.com\/wp-content\/uploads\/2025\/10\/autocaravanas_otsoa_alquiler_vitoria_perfilada_6plazas-300x225.webp 300w, https:\/\/autocaravanasotsoa.com\/wp-content\/uploads\/2025\/10\/autocaravanas_otsoa_alquiler_vitoria_perfilada_6plazas-600x450.webp 600w, https:\/\/autocaravanasotsoa.com\/wp-content\/uploads\/2025\/10\/autocaravanas_otsoa_alquiler_vitoria_perfilada_6plazas-1024x768.webp 1024w, https:\/\/autocaravanasotsoa.com\/wp-content\/uploads\/2025\/10\/autocaravanas_otsoa_alquiler_vitoria_perfilada_6plazas-768x576.webp 768w, https:\/\/autocaravanasotsoa.com\/wp-content\/uploads\/2025\/10\/autocaravanas_otsoa_alquiler_vitoria_perfilada_6plazas-1536x1152.webp 1536w, https:\/\/autocaravanasotsoa.com\/wp-content\/uploads\/2025\/10\/autocaravanas_otsoa_alquiler_vitoria_perfilada_6plazas-16x12.webp 16w, https:\/\/autocaravanasotsoa.com\/wp-content\/uploads\/2025\/10\/autocaravanas_otsoa_alquiler_vitoria_perfilada_6plazas.webp 1600w\" sizes=\"(max-width: 300px) 100vw, 300px\" \/>\t\t\t\t\t\t\t\t\t\t\t\t\t\t\t<\/div>\n\t\t\t\t<\/div>\n\t\t\t\t<div class=\"elementor-element elementor-element-56f5eab elementor-align-center elementor-widget elementor-widget-button\" data-id=\"56f5eab\" data-element_type=\"widget\" data-e-type=\"widget\" data-widget_type=\"button.default\">\n\t\t\t\t<div class=\"elementor-widget-container\">\n\t\t\t\t\t\t\t\t\t<div class=\"elementor-button-wrapper\">\n\t\t\t\t\t<a class=\"elementor-button elementor-button-link elementor-size-sm\" href=\"https:\/\/autocaravanasotsoa.com\/en\/tutorial-profiled7\/\">\n\t\t\t\t\t\t<span class=\"elementor-button-content-wrapper\">\n\t\t\t\t\t\t\t\t\t<span class=\"elementor-button-text\">GUIDE TO USE<\/span>\n\t\t\t\t\t<\/span>\n\t\t\t\t\t<\/a>\n\t\t\t\t<\/div>\n\t\t\t\t\t\t\t\t<\/div>\n\t\t\t\t<\/div>\n\t\t\t\t<div class=\"elementor-element elementor-element-9ad224e elementor-widget-divider--view-line elementor-widget elementor-widget-divider\" data-id=\"9ad224e\" data-element_type=\"widget\" data-e-type=\"widget\" data-widget_type=\"divider.default\">\n\t\t\t\t<div class=\"elementor-widget-container\">\n\t\t\t\t\t\t\t<div class=\"elementor-divider\">\n\t\t\t<span class=\"elementor-divider-separator\">\n\t\t\t\t\t\t<\/span>\n\t\t<\/div>\n\t\t\t\t\t\t<\/div>\n\t\t\t\t<\/div>\n\t\t\t\t\t<\/div>\n\t\t\t\t<\/div>\n\t\t<div class=\"elementor-element elementor-element-132cc25 e-flex e-con-boxed e-con e-parent\" data-id=\"132cc25\" data-element_type=\"container\" data-e-type=\"container\">\n\t\t\t\t\t<div class=\"e-con-inner\">\n\t\t<div class=\"elementor-element elementor-element-1c4e0b5 e-con-full e-flex e-con e-child\" data-id=\"1c4e0b5\" data-element_type=\"container\" data-e-type=\"container\">\n\t\t\t\t<div class=\"elementor-element elementor-element-df167e2 elementor-widget elementor-widget-heading\" data-id=\"df167e2\" data-element_type=\"widget\" data-e-type=\"widget\" data-widget_type=\"heading.default\">\n\t\t\t\t<div class=\"elementor-widget-container\">\n\t\t\t\t\t<h2 class=\"elementor-heading-title elementor-size-default\">4-seater profiled motorhome<\/h2>\t\t\t\t<\/div>\n\t\t\t\t<\/div>\n\t\t\t\t<\/div>\n\t\t\t\t<div class=\"elementor-element elementor-element-9baee1b elementor-widget elementor-widget-text-editor\" data-id=\"9baee1b\" data-element_type=\"widget\" data-e-type=\"widget\" data-widget_type=\"text-editor.default\">\n\t\t\t\t<div class=\"elementor-widget-container\">\n\t\t\t\t\t\t\t\t\t<p>Discover how the 6-metre automatic profiled motorhome works, a compact vehicle but with all the comforts to rent in Vitoria.\u00a0<\/p><p><strong><a title=\"giottiline siena 322\" href=\"https:\/\/youtube.com\/shorts\/_x1sA659_mU?si=DoHwv8_GPty2OZkn\" target=\"_blank\" rel=\"noopener\">Giottiline siena 322<\/a><\/strong><\/p>\t\t\t\t\t\t\t\t<\/div>\n\t\t\t\t<\/div>\n\t\t\t\t<div class=\"elementor-element elementor-element-8222264 elementor-widget elementor-widget-image\" data-id=\"8222264\" data-element_type=\"widget\" data-e-type=\"widget\" data-widget_type=\"image.default\">\n\t\t\t\t<div class=\"elementor-widget-container\">\n\t\t\t\t\t\t\t\t\t\t\t\t\t\t\t<img decoding=\"async\" width=\"300\" height=\"200\" src=\"https:\/\/autocaravanasotsoa.com\/wp-content\/uploads\/2026\/04\/alquiler_autocaravanas_vitoria_perfilada_4plazas_autocaravanas_otsoa-300x200.png\" class=\"attachment-medium size-medium wp-image-22086\" alt=\"alquiler-autocaravana_vitoria_otsoa_perfilada_peque\u00f1a_peque\u00f1a\" srcset=\"https:\/\/autocaravanasotsoa.com\/wp-content\/uploads\/2026\/04\/alquiler_autocaravanas_vitoria_perfilada_4plazas_autocaravanas_otsoa-300x200.png 300w, https:\/\/autocaravanasotsoa.com\/wp-content\/uploads\/2026\/04\/alquiler_autocaravanas_vitoria_perfilada_4plazas_autocaravanas_otsoa-1024x683.png 1024w, https:\/\/autocaravanasotsoa.com\/wp-content\/uploads\/2026\/04\/alquiler_autocaravanas_vitoria_perfilada_4plazas_autocaravanas_otsoa-768x512.png 768w, https:\/\/autocaravanasotsoa.com\/wp-content\/uploads\/2026\/04\/alquiler_autocaravanas_vitoria_perfilada_4plazas_autocaravanas_otsoa-18x12.png 18w, https:\/\/autocaravanasotsoa.com\/wp-content\/uploads\/2026\/04\/alquiler_autocaravanas_vitoria_perfilada_4plazas_autocaravanas_otsoa-600x400.png 600w, https:\/\/autocaravanasotsoa.com\/wp-content\/uploads\/2026\/04\/alquiler_autocaravanas_vitoria_perfilada_4plazas_autocaravanas_otsoa.png 1536w\" sizes=\"(max-width: 300px) 100vw, 300px\" \/>\t\t\t\t\t\t\t\t\t\t\t\t\t\t\t<\/div>\n\t\t\t\t<\/div>\n\t\t\t\t<div class=\"elementor-element elementor-element-0f07f3a elementor-align-center elementor-widget elementor-widget-button\" data-id=\"0f07f3a\" data-element_type=\"widget\" data-e-type=\"widget\" data-widget_type=\"button.default\">\n\t\t\t\t<div class=\"elementor-widget-container\">\n\t\t\t\t\t\t\t\t\t<div class=\"elementor-button-wrapper\">\n\t\t\t\t\t<a class=\"elementor-button elementor-button-link elementor-size-sm\" href=\"https:\/\/autocaravanasotsoa.com\/en\/?p=21743\" target=\"_blank\">\n\t\t\t\t\t\t<span class=\"elementor-button-content-wrapper\">\n\t\t\t\t\t\t\t\t\t<span class=\"elementor-button-text\">GUIDE TO USE<\/span>\n\t\t\t\t\t<\/span>\n\t\t\t\t\t<\/a>\n\t\t\t\t<\/div>\n\t\t\t\t\t\t\t\t<\/div>\n\t\t\t\t<\/div>\n\t\t\t\t<div class=\"elementor-element elementor-element-cdc4d97 elementor-widget-divider--view-line elementor-widget elementor-widget-divider\" data-id=\"cdc4d97\" data-element_type=\"widget\" data-e-type=\"widget\" data-widget_type=\"divider.default\">\n\t\t\t\t<div class=\"elementor-widget-container\">\n\t\t\t\t\t\t\t<div class=\"elementor-divider\">\n\t\t\t<span class=\"elementor-divider-separator\">\n\t\t\t\t\t\t<\/span>\n\t\t<\/div>\n\t\t\t\t\t\t<\/div>\n\t\t\t\t<\/div>\n\t\t\t\t\t<\/div>\n\t\t\t\t<\/div>\n\t\t<div class=\"elementor-element elementor-element-cd49a30 e-flex e-con-boxed e-con e-parent\" data-id=\"cd49a30\" data-element_type=\"container\" data-e-type=\"container\">\n\t\t\t\t\t<div class=\"e-con-inner\">\n\t\t<div class=\"elementor-element elementor-element-0edbbd3 e-con-full e-flex e-con e-child\" data-id=\"0edbbd3\" data-element_type=\"container\" data-e-type=\"container\">\n\t\t\t\t<div class=\"elementor-element elementor-element-f1ec60e elementor-widget elementor-widget-heading\" data-id=\"f1ec60e\" data-element_type=\"widget\" data-e-type=\"widget\" data-widget_type=\"heading.default\">\n\t\t\t\t<div class=\"elementor-widget-container\">\n\t\t\t\t\t<h2 class=\"elementor-heading-title elementor-size-default\">Camper<\/h2>\t\t\t\t<\/div>\n\t\t\t\t<\/div>\n\t\t\t\t<\/div>\n\t\t\t\t<div class=\"elementor-element elementor-element-f956c9b elementor-widget elementor-widget-text-editor\" data-id=\"f956c9b\" data-element_type=\"widget\" data-e-type=\"widget\" data-widget_type=\"text-editor.default\">\n\t\t\t\t<div class=\"elementor-widget-container\">\n\t\t\t\t\t\t\t\t\t<p data-start=\"112\" data-end=\"475\">Discover the operation of our camper van for rent in Vitoria for up to 4 people, very manageable and with all the comforts.\u00a0<\/p>\t\t\t\t\t\t\t\t<\/div>\n\t\t\t\t<\/div>\n\t\t\t\t<div class=\"elementor-element elementor-element-c33057c elementor-widget elementor-widget-image\" data-id=\"c33057c\" data-element_type=\"widget\" data-e-type=\"widget\" data-widget_type=\"image.default\">\n\t\t\t\t<div class=\"elementor-widget-container\">\n\t\t\t\t\t\t\t\t\t\t\t\t\t\t\t<img loading=\"lazy\" decoding=\"async\" width=\"300\" height=\"200\" src=\"https:\/\/autocaravanasotsoa.com\/wp-content\/uploads\/2025\/11\/alquiler_camper_vitoria_autocaravanas_otsoa-300x200.jpg\" class=\"attachment-medium size-medium wp-image-21178\" alt=\"camper_rental_vitoria\" srcset=\"https:\/\/autocaravanasotsoa.com\/wp-content\/uploads\/2025\/11\/alquiler_camper_vitoria_autocaravanas_otsoa-300x200.jpg 300w, https:\/\/autocaravanasotsoa.com\/wp-content\/uploads\/2025\/11\/alquiler_camper_vitoria_autocaravanas_otsoa-600x400.jpg 600w, https:\/\/autocaravanasotsoa.com\/wp-content\/uploads\/2025\/11\/alquiler_camper_vitoria_autocaravanas_otsoa-1024x683.jpg 1024w, https:\/\/autocaravanasotsoa.com\/wp-content\/uploads\/2025\/11\/alquiler_camper_vitoria_autocaravanas_otsoa-768x512.jpg 768w, https:\/\/autocaravanasotsoa.com\/wp-content\/uploads\/2025\/11\/alquiler_camper_vitoria_autocaravanas_otsoa-18x12.jpg 18w, https:\/\/autocaravanasotsoa.com\/wp-content\/uploads\/2025\/11\/alquiler_camper_vitoria_autocaravanas_otsoa.jpg 1536w\" sizes=\"(max-width: 300px) 100vw, 300px\" \/>\t\t\t\t\t\t\t\t\t\t\t\t\t\t\t<\/div>\n\t\t\t\t<\/div>\n\t\t\t\t<div class=\"elementor-element elementor-element-646cff9 elementor-align-center elementor-widget elementor-widget-button\" data-id=\"646cff9\" data-element_type=\"widget\" data-e-type=\"widget\" data-widget_type=\"button.default\">\n\t\t\t\t<div class=\"elementor-widget-container\">\n\t\t\t\t\t\t\t\t\t<div class=\"elementor-button-wrapper\">\n\t\t\t\t\t<a class=\"elementor-button elementor-button-link elementor-size-sm\" href=\"https:\/\/autocaravanasotsoa.com\/en\/tutorial-profiled7\/\">\n\t\t\t\t\t\t<span class=\"elementor-button-content-wrapper\">\n\t\t\t\t\t\t\t\t\t<span class=\"elementor-button-text\">GUIDE TO USE<\/span>\n\t\t\t\t\t<\/span>\n\t\t\t\t\t<\/a>\n\t\t\t\t<\/div>\n\t\t\t\t\t\t\t\t<\/div>\n\t\t\t\t<\/div>\n\t\t\t\t<div class=\"elementor-element elementor-element-9628265 elementor-widget-divider--view-line elementor-widget elementor-widget-divider\" data-id=\"9628265\" data-element_type=\"widget\" data-e-type=\"widget\" data-widget_type=\"divider.default\">\n\t\t\t\t<div class=\"elementor-widget-container\">\n\t\t\t\t\t\t\t<div class=\"elementor-divider\">\n\t\t\t<span class=\"elementor-divider-separator\">\n\t\t\t\t\t\t<\/span>\n\t\t<\/div>\n\t\t\t\t\t\t<\/div>\n\t\t\t\t<\/div>\n\t\t\t\t\t<\/div>\n\t\t\t\t<\/div>\n\t\t<div class=\"elementor-element elementor-element-755e8fa e-flex e-con-boxed e-con e-parent\" data-id=\"755e8fa\" data-element_type=\"container\" data-e-type=\"container\">\n\t\t\t\t\t<div class=\"e-con-inner\">\n\t\t<div class=\"elementor-element elementor-element-a435187 e-con-full e-flex e-con e-child\" data-id=\"a435187\" data-element_type=\"container\" data-e-type=\"container\">\n\t\t\t\t<div class=\"elementor-element elementor-element-f39bc58 elementor-widget elementor-widget-heading\" data-id=\"f39bc58\" data-element_type=\"widget\" data-e-type=\"widget\" data-widget_type=\"heading.default\">\n\t\t\t\t<div class=\"elementor-widget-container\">\n\t\t\t\t\t<h2 class=\"elementor-heading-title elementor-size-default\">Motorhome Capuchina 6 seater<\/h2>\t\t\t\t<\/div>\n\t\t\t\t<\/div>\n\t\t\t\t<\/div>\n\t\t\t\t<div class=\"elementor-element elementor-element-f92d455 elementor-widget elementor-widget-text-editor\" data-id=\"f92d455\" data-element_type=\"widget\" data-e-type=\"widget\" data-widget_type=\"text-editor.default\">\n\t\t\t\t<div class=\"elementor-widget-container\">\n\t\t\t\t\t\t\t\t\t<p>Discover how to enjoy our 7-metre capuchina motorhome for up to 6 people for rent in Vitoria.\u00a0<\/p><p><strong><a title=\"GIotilline siena 440\" href=\"https:\/\/youtube.com\/shorts\/yYu9Cepn9EM?si=S4WD8jMjcRD617lk\" target=\"_blank\" rel=\"noopener\">Giottiline siena 440<\/a><\/strong><\/p>\t\t\t\t\t\t\t\t<\/div>\n\t\t\t\t<\/div>\n\t\t\t\t<div class=\"elementor-element elementor-element-55c1017 elementor-widget elementor-widget-image\" data-id=\"55c1017\" data-element_type=\"widget\" data-e-type=\"widget\" data-widget_type=\"image.default\">\n\t\t\t\t<div class=\"elementor-widget-container\">\n\t\t\t\t\t\t\t\t\t\t\t\t\t\t\t<img loading=\"lazy\" decoding=\"async\" width=\"300\" height=\"225\" src=\"https:\/\/autocaravanasotsoa.com\/wp-content\/uploads\/2026\/04\/autocaravanas_otsoa_capuchina-300x225.jpg\" class=\"attachment-medium size-medium wp-image-22090\" alt=\"motorhome_capuchina_rental_vitoria_6 seats\" srcset=\"https:\/\/autocaravanasotsoa.com\/wp-content\/uploads\/2026\/04\/autocaravanas_otsoa_capuchina-300x225.jpg 300w, https:\/\/autocaravanasotsoa.com\/wp-content\/uploads\/2026\/04\/autocaravanas_otsoa_capuchina-1024x768.jpg 1024w, https:\/\/autocaravanasotsoa.com\/wp-content\/uploads\/2026\/04\/autocaravanas_otsoa_capuchina-768x576.jpg 768w, https:\/\/autocaravanasotsoa.com\/wp-content\/uploads\/2026\/04\/autocaravanas_otsoa_capuchina-1536x1152.jpg 1536w, https:\/\/autocaravanasotsoa.com\/wp-content\/uploads\/2026\/04\/autocaravanas_otsoa_capuchina-16x12.jpg 16w, https:\/\/autocaravanasotsoa.com\/wp-content\/uploads\/2026\/04\/autocaravanas_otsoa_capuchina-600x450.jpg 600w, https:\/\/autocaravanasotsoa.com\/wp-content\/uploads\/2026\/04\/autocaravanas_otsoa_capuchina.jpg 1600w\" sizes=\"(max-width: 300px) 100vw, 300px\" \/>\t\t\t\t\t\t\t\t\t\t\t\t\t\t\t<\/div>\n\t\t\t\t<\/div>\n\t\t\t\t<div class=\"elementor-element elementor-element-800b744 elementor-align-center elementor-widget elementor-widget-button\" data-id=\"800b744\" data-element_type=\"widget\" data-e-type=\"widget\" data-widget_type=\"button.default\">\n\t\t\t\t<div class=\"elementor-widget-container\">\n\t\t\t\t\t\t\t\t\t<div class=\"elementor-button-wrapper\">\n\t\t\t\t\t<a class=\"elementor-button elementor-button-link elementor-size-sm\" href=\"https:\/\/autocaravanasotsoa.com\/en\/nasturtium\/\">\n\t\t\t\t\t\t<span class=\"elementor-button-content-wrapper\">\n\t\t\t\t\t\t\t\t\t<span class=\"elementor-button-text\">GUIDE TO USE<\/span>\n\t\t\t\t\t<\/span>\n\t\t\t\t\t<\/a>\n\t\t\t\t<\/div>\n\t\t\t\t\t\t\t\t<\/div>\n\t\t\t\t<\/div>\n\t\t\t\t\t<\/div>\n\t\t\t\t<\/div>\n\t\t<div class=\"elementor-element elementor-element-b1cc580 e-flex e-con-boxed e-con e-parent\" data-id=\"b1cc580\" data-element_type=\"container\" data-e-type=\"container\">\n\t\t\t\t\t<div class=\"e-con-inner\">\n\t\t\t\t\t<\/div>\n\t\t\t\t<\/div>\n\t\t<div class=\"elementor-element elementor-element-38d53d5 e-flex e-con-boxed e-con e-parent\" data-id=\"38d53d5\" data-element_type=\"container\" data-e-type=\"container\">\n\t\t\t\t\t<div class=\"e-con-inner\">\n\t\t\t\t\t<\/div>\n\t\t\t\t<\/div>\n\t\t\t\t<\/div>","protected":false},"excerpt":{"rendered":"<p>GU\u00cdAS DE USO AUTOCARAVANAS Y CAMPER En esta p\u00e1gina encontrar\u00e1s todas las gu\u00edas de uso de nuestras autocaravanas de alquiler [&hellip;]<\/p>\n","protected":false},"author":12,"featured_media":0,"parent":0,"menu_order":0,"comment_status":"closed","ping_status":"closed","template":"","meta":{"site-sidebar-layout":"no-sidebar","site-content-layout":"","ast-site-content-layout":"full-width-container","site-content-style":"default","site-sidebar-style":"default","ast-global-header-display":"","ast-banner-title-visibility":"","ast-main-header-display":"","ast-hfb-above-header-display":"","ast-hfb-below-header-display":"","ast-hfb-mobile-header-display":"","site-post-title":"","ast-breadcrumbs-content":"","ast-featured-img":"disabled","footer-sml-layout":"","ast-disable-related-posts":"","theme-transparent-header-meta":"default","adv-header-id-meta":"","stick-header-meta":"","header-above-stick-meta":"","header-main-stick-meta":"","header-below-stick-meta":"","astra-migrate-meta-layouts":"set","ast-page-background-enabled":"default","ast-page-background-meta":{"desktop":{"background-color":"var(--ast-global-color-4)","background-image":"","background-repeat":"repeat","background-position":"center center","background-size":"auto","background-attachment":"scroll","background-type":"","background-media":"","overlay-type":"","overlay-color":"","overlay-opacity":"","overlay-gradient":""},"tablet":{"background-color":"","background-image":"","background-repeat":"repeat","background-position":"center center","background-size":"auto","background-attachment":"scroll","background-type":"","background-media":"","overlay-type":"","overlay-color":"","overlay-opacity":"","overlay-gradient":""},"mobile":{"background-color":"","background-image":"","background-repeat":"repeat","background-position":"center center","background-size":"auto","background-attachment":"scroll","background-type":"","background-media":"","overlay-type":"","overlay-color":"","overlay-opacity":"","overlay-gradient":""}},"ast-content-background-meta":{"desktop":{"background-color":"var(--ast-global-color-5)","background-image":"","background-repeat":"repeat","background-position":"center center","background-size":"auto","background-attachment":"scroll","background-type":"","background-media":"","overlay-type":"","overlay-color":"","overlay-opacity":"","overlay-gradient":""},"tablet":{"background-color":"var(--ast-global-color-5)","background-image":"","background-repeat":"repeat","background-position":"center center","background-size":"auto","background-attachment":"scroll","background-type":"","background-media":"","overlay-type":"","overlay-color":"","overlay-opacity":"","overlay-gradient":""},"mobile":{"background-color":"var(--ast-global-color-5)","background-image":"","background-repeat":"repeat","background-position":"center center","background-size":"auto","background-attachment":"scroll","background-type":"","background-media":"","overlay-type":"","overlay-color":"","overlay-opacity":"","overlay-gradient":""}},"_joinchat":[],"footnotes":""},"class_list":["post-21517","page","type-page","status-publish","hentry"],"aioseo_notices":[],"_links":{"self":[{"href":"https:\/\/autocaravanasotsoa.com\/en\/wp-json\/wp\/v2\/pages\/21517","targetHints":{"allow":["GET"]}}],"collection":[{"href":"https:\/\/autocaravanasotsoa.com\/en\/wp-json\/wp\/v2\/pages"}],"about":[{"href":"https:\/\/autocaravanasotsoa.com\/en\/wp-json\/wp\/v2\/types\/page"}],"author":[{"embeddable":true,"href":"https:\/\/autocaravanasotsoa.com\/en\/wp-json\/wp\/v2\/users\/12"}],"replies":[{"embeddable":true,"href":"https:\/\/autocaravanasotsoa.com\/en\/wp-json\/wp\/v2\/comments?post=21517"}],"version-history":[{"count":0,"href":"https:\/\/autocaravanasotsoa.com\/en\/wp-json\/wp\/v2\/pages\/21517\/revisions"}],"wp:attachment":[{"href":"https:\/\/autocaravanasotsoa.com\/en\/wp-json\/wp\/v2\/media?parent=21517"}],"curies":[{"name":"wp","href":"https:\/\/api.w.org\/{rel}","templated":true}]}}